{"id":9376,"date":"2026-03-17T14:02:25","date_gmt":"2026-03-17T18:02:25","guid":{"rendered":"https:\/\/aveloquebec.ca\/equipements\/"},"modified":"2026-03-18T09:28:06","modified_gmt":"2026-03-18T13:28:06","slug":"equipments","status":"publish","type":"page","link":"https:\/\/aveloquebec.ca\/en\/equipments\/","title":{"rendered":"Our equipments"},"content":{"rendered":"\r\n\r\n\t<h1>Our equipments<\/h1>\r\n<p>&nbsp;<\/p>\r\n<p>Learn more about the equipment that makes up the \u00e0V\u00e9lo service!<\/p>\r\n<h2>\r\n\t\tBikes made in Qu\u00e9bec!\r\n\t<\/h2>\r\n\t<p><!--StartFragment --><\/p>\r\n<p>The bikes used in the \u00e0V\u00e9lo service are designed and produced by Lyft Urban Solutions in partnership with the Qu\u00e9bec-based company Cycles Devinci, whose factory is located in Saguenay. Qu\u00e9bec City is the first North American city to develop a 100% electric bike\u2011sharing network!<\/p>\r\n<p>&nbsp;<\/p>\r\n<p>See some features of our bikes in the image beside. For more information on how to use the bikes, visit the How It Works page.<\/p>\r\n<p><!--EndFragment --><\/p>\r\n\t\t\t<a href=\"https:\/\/aveloquebec.ca\/en\/how-it-works\/\" target=\"_self\">\r\n\t\t\t\t\t\t\tHow it works\r\n\t\t\t\t\t<\/a>\r\n\t    <div id=\"wrap-bikes\">\n      <div class=\"images-block\">\n        <div class=\"bike-indications indications strong station-photo\"> \n                  <img decoding=\"async\" src=\"https:\/\/aveloquebec.ca\/wp-content\/uploads\/2024\/03\/bike-image-final.png\">\n\n                                                                          <div class=\"circle-line pos-A1\">\n                      <div class=\"full-circle\">+<\/div>\n                      <div class=\"descrip\"><p>3 vitesses<\/p><\/div>\n                  <\/div>\n                                                                    <div class=\"circle-line pos-A2\">\n                      <div class=\"full-circle\">+<\/div>\n                      <div class=\"descrip\"><p>Panier<\/p><\/div>\n                  <\/div>\n                                                                    <div class=\"circle-line pos-A3\">\n                      <div class=\"full-circle\">+<\/div>\n                      <div class=\"descrip\"><p>\u00c9clairage automatique avant et arri\u00e8re<\/p><\/div>\n                  <\/div>\n                                                                    <div class=\"circle-line pos-A4\">\n                      <div class=\"full-circle\">+<\/div>\n                      <div class=\"descrip\"><p>Protection garde-boue avant et arri\u00e8re<\/p><\/div>\n                  <\/div>\n                                                                    <div class=\"circle-line pos-A5\">\n                      <div class=\"full-circle\">+<\/div>\n                      <div class=\"descrip\"><p>Code QR<\/p><\/div>\n                  <\/div>\n                                                                    <div class=\"circle-line pos-A6\">\n                      <div class=\"full-circle\">+<\/div>\n                      <div class=\"descrip\"><p>Assistance \u00e9lectrique<\/p><\/div>\n                  <\/div>\n                                                                    <div class=\"circle-line pos-A7\">\n                      <div class=\"full-circle\">+<\/div>\n                      <div class=\"descrip\"><p>B\u00e9quille<\/p><\/div>\n                  <\/div>\n                                                                    <div class=\"circle-line pos-A8\">\n                      <div class=\"full-circle\">+<\/div>\n                      <div class=\"descrip\"><p>Si\u00e8ge ajustable<\/p><\/div>\n                  <\/div>\n                                                                    <div class=\"circle-line pos-A9\">\n                      <div class=\"full-circle\">+<\/div>\n                      <div class=\"descrip\"><p>Cadenas<\/p><\/div>\n                  <\/div>\n                                                  <\/div>            \n      <\/div>\n    <\/div> \n\n\r\n<h2>\r\n\t\tTwo Types of Stations\r\n\t<\/h2>\r\n\t<p>The \u00e0V\u00e9lo network includes two types of stations: electric charging stations and solar-powered stations. This setup was chosen to ensure network flexibility and enable faster deployment. Each station is made up of modular components that can be configured to fit the urban landscape-whether on the roadside, in parks, or on private property. The modular design is both elegant and durable. The station-based network was selected to offer an organized, accessible, and easily recognizable system for users.<\/p>\r\n<h3>\r\n\t\tElectrified Stations\r\n\t<\/h3>\r\n\t<p>Electrified stations are directly connected to the power grid, allowing real-time charging of bike batteries. Once connected, the station&#8217;s location becomes permanent. If major changes are needed, the electrical connection could also support the development of future services.<\/p>\r\n<h3>\r\n\t\tSolar Stations\r\n\t<\/h3>\r\n\t<p>Powered by solar energy, these stations are self-sufficient. Solar power allows the station to operate and users to rent bikes. However, bike batteries cannot be recharged using solar energy alone-manual intervention is required. Solar installations make it possible to test and evaluate station performance before connecting to the power grid, and they also allow for flexible placement, even in areas far from electrical infrastructure.<\/p>\r\n\r\n","protected":false},"excerpt":{"rendered":"<p>Our equipments &nbsp; Learn more about the equipment that makes up the \u00e0V\u00e9lo service! Bikes made in Qu\u00e9bec! The bikes used in the \u00e0V\u00e9lo service are designed and produced by Lyft Urban Solutions in partnership with the Qu\u00e9bec-based company Cycles Devinci, whose factory is located in Saguenay. Qu\u00e9bec City is the first North American city to develop a 100% electric bike\u2011sharing network! &nbsp; See some features of our bikes in<\/p>\n<div class=\"readmore\"><a href=\"https:\/\/aveloquebec.ca\/en\/equipments\/\" class=\"blueBtn\" >Read more<\/a><\/div>\n","protected":false},"author":14,"featured_media":0,"parent":0,"menu_order":0,"comment_status":"closed","ping_status":"closed","template":"","meta":{"_acf_changed":false,"footnotes":""},"class_list":["post-9376","page","type-page","status-publish","hentry"],"acf":[],"_links":{"self":[{"href":"https:\/\/aveloquebec.ca\/en\/wp-json\/wp\/v2\/pages\/9376","targetHints":{"allow":["GET"]}}],"collection":[{"href":"https:\/\/aveloquebec.ca\/en\/wp-json\/wp\/v2\/pages"}],"about":[{"href":"https:\/\/aveloquebec.ca\/en\/wp-json\/wp\/v2\/types\/page"}],"author":[{"embeddable":true,"href":"https:\/\/aveloquebec.ca\/en\/wp-json\/wp\/v2\/users\/14"}],"replies":[{"embeddable":true,"href":"https:\/\/aveloquebec.ca\/en\/wp-json\/wp\/v2\/comments?post=9376"}],"version-history":[{"count":10,"href":"https:\/\/aveloquebec.ca\/en\/wp-json\/wp\/v2\/pages\/9376\/revisions"}],"predecessor-version":[{"id":9396,"href":"https:\/\/aveloquebec.ca\/en\/wp-json\/wp\/v2\/pages\/9376\/revisions\/9396"}],"wp:attachment":[{"href":"https:\/\/aveloquebec.ca\/en\/wp-json\/wp\/v2\/media?parent=9376"}],"curies":[{"name":"wp","href":"https:\/\/api.w.org\/{rel}","templated":true}]}}