{"id":8440,"date":"2025-05-30T16:07:31","date_gmt":"2025-05-30T20:07:31","guid":{"rendered":"https:\/\/aveloquebec.ca\/?page_id=8440"},"modified":"2025-07-15T09:20:44","modified_gmt":"2025-07-15T13:20:44","slug":"feq","status":"publish","type":"page","link":"https:\/\/aveloquebec.ca\/en\/feq\/","title":{"rendered":"FEQ"},"content":{"rendered":"\n\n\t<h1>Festival d&#8217;\u00e9t\u00e9 de Qu\u00e9bec (FEQ)<\/h1>\n<p>The page below concerns the 2025 edition of the Festival d&#8217;\u00e9t\u00e9 de Qu\u00e9bec. The event will return from July 9 to July 19, 2026, and the information on this page will be updated at the beginning of next summer.<\/p>\n\t\t\t\t<img loading=\"lazy\" decoding=\"async\" src=\"https:\/\/aveloquebec.ca\/wp-content\/uploads\/2024\/07\/icone_station.png\" alt=\"icone_station\" itemprop=\"image\" height=\"92\" width=\"92\" title=\"icone_station\" onerror=\"this.style.display='none'\"  \/>\n<h2>\n\t\t Temporary Station on the Plains of Abraham\n\t<\/h2>\n\t<p>From July 3 to 13, ride to the FEQ with \u00e0V\u00e9lo! Use the temporary station on the Plains of Abraham, located across from the Jeanne-d&#8217;Arc Garden.<\/p>\n<p>&nbsp;<\/p>\n<p>Heavier traffic than usual is expected across the entire network. You&#8217;re encouraged to plan your trips accordingly. Keep an eye on the \u00e0V\u00e9lo app during the FEQ to check bike and dock availability at the various stations.<\/p>\n\t\t\t<a href=\"https:\/\/aveloquebec.ca\/en\/stations\/\" target=\"_self\">\n\t\t\t\t\t\t\tStations map\n\t\t\t\t\t<\/a>\n\t\t\t\t<img loading=\"lazy\" decoding=\"async\" src=\"https:\/\/aveloquebec.ca\/wp-content\/uploads\/2024\/07\/Carte_feq_test_edited.jpg\" alt=\"Cr\u00e9ation sans titre - 1\" itemprop=\"image\" height=\"847\" width=\"1322\" title=\"Cr\u00e9ation sans titre - 1\" onerror=\"this.style.display='none'\"  \/>\n\t\t\t\t<img decoding=\"async\" src=\"https:\/\/aveloquebec.ca\/wp-content\/plugins\/bb-plugin\/img\/pixel.png\" alt=\"\" itemprop=\"image\" onerror=\"this.style.display='none'\"  \/>\n\t\t\t\t<img loading=\"lazy\" decoding=\"async\" src=\"https:\/\/aveloquebec.ca\/wp-content\/uploads\/2025\/05\/FEQ-min.webp\" alt=\"FEQ-min\" itemprop=\"image\" height=\"900\" width=\"1200\" title=\"FEQ-min\" onerror=\"this.style.display='none'\"  \/>\n\t\t\t\t<img loading=\"lazy\" decoding=\"async\" src=\"https:\/\/aveloquebec.ca\/wp-content\/uploads\/2024\/07\/icone_rock.png\" alt=\"icone_rock\" itemprop=\"image\" height=\"92\" width=\"92\" title=\"icone_rock\" onerror=\"this.style.display='none'\"  \/>\n<h2>\n\t\tGuaranteed Docking!\n\t<\/h2>\n\t<p>A drop-off area will be available to ensure you have a docking point when you arrive. It opens at 4 PM every evening during the FEQ and closes once the bikes are depleted after the shows.<\/p>\n<p>&nbsp;<\/p>\n<p>At the Plains of Abraham station, it&#8217;s easy-you pick up or return your bike as usual, and on-site staff will manage the bike flow in real time.<\/p>\n<p>&nbsp;<\/p>\n<p>The \u00e0V\u00e9lo team will be there to greet you!<\/p>\n\t\t\t\t<img loading=\"lazy\" decoding=\"async\" src=\"https:\/\/aveloquebec.ca\/wp-content\/uploads\/2024\/07\/icone_casque.png\" alt=\"icone_casque\" itemprop=\"image\" height=\"92\" width=\"92\" title=\"icone_casque\" onerror=\"this.style.display='none'\"  \/>\n<h2>\n\t\tHelmet Zone\n\t<\/h2>\n\t<p>An unsupervised helmet zone is available at the Plains of Abraham station where you can drop off your helmet before attending the shows. Although there is surveillance in place, we are not responsible for theft, loss, or damage to helmets. We recommend bringing a lock to secure it.<\/p>\n<p>&nbsp;<\/p>\n<p>The FEQ also offers secure cloakrooms. Check the <a href=\"https:\/\/www.feq.ca\/en\/site-map\" target=\"_blank\" rel=\"noopener\">FEQ site map<\/a> to locate them.<\/p>\n<p>&nbsp;<\/p>\n<p><strong>Don&#8217;t forget-wearing a helmet is mandatory.<\/strong><\/p>\n\t\t\t\t<img loading=\"lazy\" decoding=\"async\" src=\"https:\/\/aveloquebec.ca\/wp-content\/uploads\/2025\/05\/Zone-casques-min.webp\" alt=\"Zone casques-min\" itemprop=\"image\" height=\"900\" width=\"946\" title=\"Zone casques-min\" onerror=\"this.style.display='none'\"  \/>\n\t\t\t\t<img decoding=\"async\" src=\"https:\/\/aveloquebec.ca\/wp-content\/plugins\/bb-plugin\/img\/pixel.png\" alt=\"\" itemprop=\"image\" onerror=\"this.style.display='none'\"  \/>\n<h2>\n\t\tFirst time using \u00e0V\u00e9lo?\n\t<\/h2>\n\t\t\t<a href=\"https:\/\/aveloquebec.ca\/en\/how-it-works\/\" target=\"_self\">\n\t\t\t\t\t\t\tHow it works\n\t\t\t\t\t<\/a>\n\t\t\t<a href=\"https:\/\/aveloquebec.ca\/en\/pricing\/\" target=\"_self\">\n\t\t\t\t\t\t\tPricing\n\t\t\t\t\t<\/a>\n\n","protected":false},"excerpt":{"rendered":"<p>Festival d&#8217;\u00e9t\u00e9 de Qu\u00e9bec (FEQ) The page below concerns the 2025 edition of the Festival d&#8217;\u00e9t\u00e9 de Qu\u00e9bec. The event will return from July 9 to July 19, 2026, and the information on this page will be updated at the beginning of next summer. Temporary Station on the Plains of Abraham From July 3 to 13, ride to the FEQ with \u00e0V\u00e9lo! Use the temporary station on the Plains of<\/p>\n<div class=\"readmore\"><a href=\"https:\/\/aveloquebec.ca\/en\/feq\/\" class=\"blueBtn\" >Read more<\/a><\/div>\n","protected":false},"author":14,"featured_media":0,"parent":0,"menu_order":0,"comment_status":"closed","ping_status":"closed","template":"","meta":{"_acf_changed":false,"footnotes":""},"class_list":["post-8440","page","type-page","status-publish","hentry"],"acf":[],"_links":{"self":[{"href":"https:\/\/aveloquebec.ca\/en\/wp-json\/wp\/v2\/pages\/8440","targetHints":{"allow":["GET"]}}],"collection":[{"href":"https:\/\/aveloquebec.ca\/en\/wp-json\/wp\/v2\/pages"}],"about":[{"href":"https:\/\/aveloquebec.ca\/en\/wp-json\/wp\/v2\/types\/page"}],"author":[{"embeddable":true,"href":"https:\/\/aveloquebec.ca\/en\/wp-json\/wp\/v2\/users\/14"}],"replies":[{"embeddable":true,"href":"https:\/\/aveloquebec.ca\/en\/wp-json\/wp\/v2\/comments?post=8440"}],"version-history":[{"count":10,"href":"https:\/\/aveloquebec.ca\/en\/wp-json\/wp\/v2\/pages\/8440\/revisions"}],"predecessor-version":[{"id":8671,"href":"https:\/\/aveloquebec.ca\/en\/wp-json\/wp\/v2\/pages\/8440\/revisions\/8671"}],"wp:attachment":[{"href":"https:\/\/aveloquebec.ca\/en\/wp-json\/wp\/v2\/media?parent=8440"}],"curies":[{"name":"wp","href":"https:\/\/api.w.org\/{rel}","templated":true}]}}